{"id":86,"date":"2022-04-02T12:53:36","date_gmt":"2022-04-02T10:53:36","guid":{"rendered":"https:\/\/stolen.berthilson.se\/?page_id=86"},"modified":"2022-04-02T13:19:13","modified_gmt":"2022-04-02T11:19:13","slug":"inspiration","status":"publish","type":"page","link":"https:\/\/stolen.berthilson.se\/index.php\/inspiration\/","title":{"rendered":"Inspiration"},"content":{"rendered":"\n<style type=\"text\/css\" data-created_by=\"avia_inline_auto\" id=\"style-css-av-l1hrh49q-3c426724fc2236404e557178745a87b3\">\n#top .av-special-heading.av-l1hrh49q-3c426724fc2236404e557178745a87b3{\npadding-bottom:10px;\n}\nbody .av-special-heading.av-l1hrh49q-3c426724fc2236404e557178745a87b3 .av-special-heading-tag .heading-char{\nfont-size:25px;\n}\n.av-special-heading.av-l1hrh49q-3c426724fc2236404e557178745a87b3 .av-subheading{\nfont-size:15px;\n}\n<\/style>\n<div  class='av-special-heading av-l1hrh49q-3c426724fc2236404e557178745a87b3 av-special-heading-h1 blockquote classic-quote classic-quote-left  avia-builder-el-0  el_before_av_codeblock  avia-builder-el-first '><h1 class='av-special-heading-tag'  itemprop=\"headline\"  >Inspiration<\/h1><div class='av-subheading av-subheading_below'><p>Senaste bilderna fr\u00e5n v\u00e5ra sociala medier<\/p>\n<\/div><div class=\"special-heading-border\"><div class=\"special-heading-inner-border\"><\/div><\/div><\/div>\n\n<section  class='av_textblock_section av-l1hrg2za-7173badba3c33a333cca736b094cf3ed'  itemscope=\"itemscope\" itemtype=\"https:\/\/schema.org\/CreativeWork\" ><div class='avia_textblock'  itemprop=\"text\" ><p><center><\/center><\/p>\n<h2>F\u00f6lj oss g\u00e4rna p\u00e5 Instagram f\u00f6r fler bilder!<\/h2>\n<\/div><\/section>\n","protected":false},"excerpt":{"rendered":"","protected":false},"author":1,"featured_media":0,"parent":0,"menu_order":0,"comment_status":"closed","ping_status":"closed","template":"","meta":{"footnotes":""},"class_list":["post-86","page","type-page","status-publish","hentry"],"_links":{"self":[{"href":"https:\/\/stolen.berthilson.se\/index.php\/wp-json\/wp\/v2\/pages\/86","targetHints":{"allow":["GET"]}}],"collection":[{"href":"https:\/\/stolen.berthilson.se\/index.php\/wp-json\/wp\/v2\/pages"}],"about":[{"href":"https:\/\/stolen.berthilson.se\/index.php\/wp-json\/wp\/v2\/types\/page"}],"author":[{"embeddable":true,"href":"https:\/\/stolen.berthilson.se\/index.php\/wp-json\/wp\/v2\/users\/1"}],"replies":[{"embeddable":true,"href":"https:\/\/stolen.berthilson.se\/index.php\/wp-json\/wp\/v2\/comments?post=86"}],"version-history":[{"count":5,"href":"https:\/\/stolen.berthilson.se\/index.php\/wp-json\/wp\/v2\/pages\/86\/revisions"}],"predecessor-version":[{"id":92,"href":"https:\/\/stolen.berthilson.se\/index.php\/wp-json\/wp\/v2\/pages\/86\/revisions\/92"}],"wp:attachment":[{"href":"https:\/\/stolen.berthilson.se\/index.php\/wp-json\/wp\/v2\/media?parent=86"}],"curies":[{"name":"wp","href":"https:\/\/api.w.org\/{rel}","templated":true}]}}