{"id":69,"date":"2022-03-08T18:31:13","date_gmt":"2022-03-08T17:31:13","guid":{"rendered":"https:\/\/stolen.berthilson.se\/?page_id=69"},"modified":"2022-03-08T19:01:51","modified_gmt":"2022-03-08T18:01:51","slug":"offentlig-miljo","status":"publish","type":"page","link":"https:\/\/stolen.berthilson.se\/index.php\/offentlig-miljo\/","title":{"rendered":"Offentlig milj\u00f6"},"content":{"rendered":"<div class='flex_column av-23cmp-283a098541f59ee5e38725fe311e8948 av_one_full  avia-builder-el-0  el_before_av_one_half  avia-builder-el-first  first flex_column_div '   ><style type=\"text\/css\" data-created_by=\"avia_inline_auto\" id=\"style-css-av-l0iep9wd-02f4601e06b4468e6bacf9b82e2ab5c3\">\n#top .av-special-heading.av-l0iep9wd-02f4601e06b4468e6bacf9b82e2ab5c3{\npadding-bottom:10px;\n}\nbody .av-special-heading.av-l0iep9wd-02f4601e06b4468e6bacf9b82e2ab5c3 .av-special-heading-tag .heading-char{\nfont-size:25px;\n}\n.av-special-heading.av-l0iep9wd-02f4601e06b4468e6bacf9b82e2ab5c3 .av-subheading{\nfont-size:15px;\n}\n<\/style>\n<div  class='av-special-heading av-l0iep9wd-02f4601e06b4468e6bacf9b82e2ab5c3 av-special-heading-h1 blockquote classic-quote classic-quote-left  avia-builder-el-1  avia-builder-el-no-sibling '><h1 class='av-special-heading-tag'  itemprop=\"headline\"  >Offentlig milj\u00f6<\/h1><div class='av-subheading av-subheading_below'><p>M\u00f6bler till de allm\u00e4nna rummen<\/p>\n<\/div><div class=\"special-heading-border\"><div class=\"special-heading-inner-border\"><\/div><\/div><\/div><\/div>\n<div class='flex_column av-1hkzl-90b57c5d70d4f66830d18975059fa1a5 av_one_half  avia-builder-el-2  el_after_av_one_full  el_before_av_one_half  first flex_column_div column-top-margin'   ><p>\n<style type=\"text\/css\" data-created_by=\"avia_inline_auto\" id=\"style-css-av-l0iervsr-3521b4569603643c200fc12a4b8c2668\">\n.avia-image-container.av-l0iervsr-3521b4569603643c200fc12a4b8c2668 .av-image-caption-overlay-center{\ncolor:#ffffff;\n}\n<\/style>\n<div  class='avia-image-container av-l0iervsr-3521b4569603643c200fc12a4b8c2668 av-styling-no-styling avia_animated_image avia_animate_when_almost_visible fade-in avia-align-center  avia-builder-el-3  el_before_av_heading  avia-builder-el-first '  itemprop=\"image\" itemscope=\"itemscope\" itemtype=\"https:\/\/schema.org\/ImageObject\" ><div class=\"avia-image-container-inner\"><div class=\"avia-image-overlay-wrap\"><img decoding=\"async\" class='wp-image-70 avia-img-lazy-loading-not-70 avia_image' src=\"https:\/\/stolen.berthilson.se\/wp-content\/uploads\/2022\/03\/31.jpeg\" alt='' title='31'  height=\"569\" width=\"645\"  itemprop=\"thumbnailUrl\" srcset=\"https:\/\/stolen.berthilson.se\/wp-content\/uploads\/2022\/03\/31.jpeg 645w, https:\/\/stolen.berthilson.se\/wp-content\/uploads\/2022\/03\/31-300x265.jpeg 300w\" sizes=\"(max-width: 645px) 100vw, 645px\" \/><\/div><\/div><\/div><br \/>\n\n<style type=\"text\/css\" data-created_by=\"avia_inline_auto\" id=\"style-css-av-l0ieq5h7-ad899a946efc09a02d329bc2e62f1cfd\">\n#top .av-special-heading.av-l0ieq5h7-ad899a946efc09a02d329bc2e62f1cfd{\npadding-bottom:10px;\n}\nbody .av-special-heading.av-l0ieq5h7-ad899a946efc09a02d329bc2e62f1cfd .av-special-heading-tag .heading-char{\nfont-size:25px;\n}\n.av-special-heading.av-l0ieq5h7-ad899a946efc09a02d329bc2e62f1cfd .av-subheading{\nfont-size:15px;\n}\n<\/style>\n<div  class='av-special-heading av-l0ieq5h7-ad899a946efc09a02d329bc2e62f1cfd av-special-heading-h2 blockquote classic-quote classic-quote-left  avia-builder-el-4  el_after_av_image  el_before_av_textblock '><h2 class='av-special-heading-tag'  itemprop=\"headline\"  >Restaurang, Hotell<\/h2><div class=\"special-heading-border\"><div class=\"special-heading-inner-border\"><\/div><\/div><\/div><br \/>\n<section  class='av_textblock_section av-l0ieqtmp-5318375c7618171581682b44a2f0bcb0'  itemscope=\"itemscope\" itemtype=\"https:\/\/schema.org\/CreativeWork\" ><div class='avia_textblock'  itemprop=\"text\" ><p>Stolar, bord och \u00f6vrig inredning till offentlig milj\u00f6 offereras enligt \u00f6nskem\u00e5l. F\u00f6rrestauranger, kurs och konferensg\u00e5rdar finns t\u00e5liga ytbehandlingar och extra f\u00f6rst\u00e4rkningar i stolarnas konstruktion \u2013 allt f\u00f6r h\u00f6gsta h\u00e5llbarhet.<\/p>\n<\/div><\/section><\/p><\/div>\n<div class='flex_column av-11rrx-965c82b796780b78a2a35dddcef014a9 av_one_half  avia-builder-el-6  el_after_av_one_half  avia-builder-el-last  flex_column_div column-top-margin'   ><p>\n<style type=\"text\/css\" data-created_by=\"avia_inline_auto\" id=\"style-css-av-l0ies99u-e5c66d4a5662c555e1cb37de0f73646b\">\n.avia-image-container.av-l0ies99u-e5c66d4a5662c555e1cb37de0f73646b .av-image-caption-overlay-center{\ncolor:#ffffff;\n}\n<\/style>\n<div  class='avia-image-container av-l0ies99u-e5c66d4a5662c555e1cb37de0f73646b av-styling-no-styling avia_animated_image avia_animate_when_almost_visible fade-in avia-align-center  avia-builder-el-7  el_before_av_heading  avia-builder-el-first '  itemprop=\"image\" itemscope=\"itemscope\" itemtype=\"https:\/\/schema.org\/ImageObject\" ><div class=\"avia-image-container-inner\"><div class=\"avia-image-overlay-wrap\"><img decoding=\"async\" class='wp-image-71 avia-img-lazy-loading-not-71 avia_image' src=\"https:\/\/stolen.berthilson.se\/wp-content\/uploads\/2022\/03\/32.jpeg\" alt='' title='32'  height=\"569\" width=\"645\"  itemprop=\"thumbnailUrl\" srcset=\"https:\/\/stolen.berthilson.se\/wp-content\/uploads\/2022\/03\/32.jpeg 645w, https:\/\/stolen.berthilson.se\/wp-content\/uploads\/2022\/03\/32-300x265.jpeg 300w\" sizes=\"(max-width: 645px) 100vw, 645px\" \/><\/div><\/div><\/div><br \/>\n\n<style type=\"text\/css\" data-created_by=\"avia_inline_auto\" id=\"style-css-av-l0ieqj7t-d9efb0f46b4d98eed6aebe13262395b4\">\n#top .av-special-heading.av-l0ieqj7t-d9efb0f46b4d98eed6aebe13262395b4{\npadding-bottom:10px;\n}\nbody .av-special-heading.av-l0ieqj7t-d9efb0f46b4d98eed6aebe13262395b4 .av-special-heading-tag .heading-char{\nfont-size:25px;\n}\n.av-special-heading.av-l0ieqj7t-d9efb0f46b4d98eed6aebe13262395b4 .av-subheading{\nfont-size:15px;\n}\n<\/style>\n<div  class='av-special-heading av-l0ieqj7t-d9efb0f46b4d98eed6aebe13262395b4 av-special-heading-h2 blockquote classic-quote classic-quote-left  avia-builder-el-8  el_after_av_image  el_before_av_textblock '><h2 class='av-special-heading-tag'  itemprop=\"headline\"  >V\u00e5rd <span class='special_amp'>&amp;<\/span> Omsorg<\/h2><div class=\"special-heading-border\"><div class=\"special-heading-inner-border\"><\/div><\/div><\/div><br \/>\n<section  class='av_textblock_section av-l0ier3ey-bcc7567f301f5cfdff1f7ca02991c296'  itemscope=\"itemscope\" itemtype=\"https:\/\/schema.org\/CreativeWork\" ><div class='avia_textblock'  itemprop=\"text\" ><p>Stolen.nu har ett utarbetat specialsortiment f\u00f6r \u00e4ldrev\u00e5rd. Vackra, h\u00e5llbara m\u00f6bler som t\u00e5l att anv\u00e4ndas och som \u00e4r specialutformade f\u00f6r h\u00f6gsta komfort och slitstyrka se under fliken \u2013 V\u00e5rd och omsorg.<\/p>\n<\/div><\/section><\/p><\/div>\n","protected":false},"excerpt":{"rendered":"","protected":false},"author":1,"featured_media":0,"parent":0,"menu_order":0,"comment_status":"closed","ping_status":"closed","template":"","meta":{"footnotes":""},"class_list":["post-69","page","type-page","status-publish","hentry"],"_links":{"self":[{"href":"https:\/\/stolen.berthilson.se\/index.php\/wp-json\/wp\/v2\/pages\/69","targetHints":{"allow":["GET"]}}],"collection":[{"href":"https:\/\/stolen.berthilson.se\/index.php\/wp-json\/wp\/v2\/pages"}],"about":[{"href":"https:\/\/stolen.berthilson.se\/index.php\/wp-json\/wp\/v2\/types\/page"}],"author":[{"embeddable":true,"href":"https:\/\/stolen.berthilson.se\/index.php\/wp-json\/wp\/v2\/users\/1"}],"replies":[{"embeddable":true,"href":"https:\/\/stolen.berthilson.se\/index.php\/wp-json\/wp\/v2\/comments?post=69"}],"version-history":[{"count":5,"href":"https:\/\/stolen.berthilson.se\/index.php\/wp-json\/wp\/v2\/pages\/69\/revisions"}],"predecessor-version":[{"id":81,"href":"https:\/\/stolen.berthilson.se\/index.php\/wp-json\/wp\/v2\/pages\/69\/revisions\/81"}],"wp:attachment":[{"href":"https:\/\/stolen.berthilson.se\/index.php\/wp-json\/wp\/v2\/media?parent=69"}],"curies":[{"name":"wp","href":"https:\/\/api.w.org\/{rel}","templated":true}]}}