{"id":34,"date":"2022-03-08T17:30:16","date_gmt":"2022-03-08T16:30:16","guid":{"rendered":"https:\/\/stolen.berthilson.se\/?page_id=34"},"modified":"2022-03-08T18:43:44","modified_gmt":"2022-03-08T17:43:44","slug":"om-oss","status":"publish","type":"page","link":"https:\/\/stolen.berthilson.se\/index.php\/om-oss\/","title":{"rendered":"Om oss"},"content":{"rendered":"<div class='flex_column av-1oxe2-61f1e947011cc7a6103527adb2941de9 av_three_fourth  avia-builder-el-0  el_before_av_one_fourth  avia-builder-el-first  first flex_column_div '   ><p>\n<style type=\"text\/css\" data-created_by=\"avia_inline_auto\" id=\"style-css-av-l0ics86k-1807cb6ffd9ef11746d17b1aa4aab6ab\">\n#top .av-special-heading.av-l0ics86k-1807cb6ffd9ef11746d17b1aa4aab6ab{\npadding-bottom:10px;\n}\nbody .av-special-heading.av-l0ics86k-1807cb6ffd9ef11746d17b1aa4aab6ab .av-special-heading-tag .heading-char{\nfont-size:25px;\n}\n.av-special-heading.av-l0ics86k-1807cb6ffd9ef11746d17b1aa4aab6ab .av-subheading{\nfont-size:15px;\n}\n<\/style>\n<div  class='av-special-heading av-l0ics86k-1807cb6ffd9ef11746d17b1aa4aab6ab av-special-heading-h1 blockquote classic-quote classic-quote-left  avia-builder-el-1  el_before_av_textblock  avia-builder-el-first '><h1 class='av-special-heading-tag'  itemprop=\"headline\"  >Bakgrund<\/h1><div class='av-subheading av-subheading_below'><p>&#8221;Den svenska stilen&#8221;<\/p>\n<\/div><div class=\"special-heading-border\"><div class=\"special-heading-inner-border\"><\/div><\/div><\/div><br \/>\n<section  class='av_textblock_section av-l0icr4lg-e9b541ff0da0cf2d6d712d479c93daed'  itemscope=\"itemscope\" itemtype=\"https:\/\/schema.org\/CreativeWork\" ><div class='avia_textblock'  itemprop=\"text\" ><p>Stolen \u00e4r grunden i den m\u00f6belstil som kallas \u201dDen svenska stilen\u201d en stil som uppstod under 1700-talet och \u00e4r en ursprunglig ben\u00e4mning p\u00e5 de stolar som producerades av de s.k. stockholmsm\u00e4starna fr\u00e5n Stockholms stolsmakar\u00e4mbete. Alla m\u00f6bler \u00e4r noga utvalda av svenska hantverkare med l\u00e5ng erfarenhet av tillverkning. Stolstillverkarnasedan 1953 och bordstillverkaren sedan 1916. D\u00e4rut\u00f6ver finns sk\u00e5pstillverkare,m\u00e5lare och tapetserare. Stolen.nu tillhandah\u00e5ller \u00e4ven ett brett specialsortiment.<\/p>\n<p>Fr\u00e5ga g\u00e4rna efter \u00f6vrigt sortiment \u2013 s\u00e5som slagbord, halvm\u00e5nebord, sk\u00e4nk och andra stolsmodeller.<\/p>\n<p>Stolen.nu tillhandah\u00e5ller de absolut b\u00e4sta bruksm\u00f6blerna, pietetsfullt tillverkade efter originalmodeller fr\u00e5n 1700-tal. I alla stolspriser ing\u00e5r l\u00f6stagbar sadelgjordsits och m\u00e5lning i tunna, ljusa och rena f\u00e4rger allt f\u00f6r ge m\u00f6blerna det r\u00e4tta uttrycket enligt svensk tradition. Gustavianska m\u00f6bler har en speciell plats i v\u00e5ra hj\u00e4rtan och vi hj\u00e4lper dig mer \u00e4n g\u00e4rna att v\u00e4lja ut de m\u00f6bler som passar dig b\u00e4st.<\/p>\n<\/div><\/section><\/p><\/div>\n<div class='flex_column av-rbtm-22b49954528312a989be7bb5f6f18aa6 av_one_fourth  avia-builder-el-3  el_after_av_three_fourth  avia-builder-el-last  flex_column_div '   ><section  class='avia-team-member av-l0icuet3-acca38bbf37b90733f6b87ae9ca6ca20  avia-builder-el-4  avia-builder-el-no-sibling '  itemscope=\"itemscope\" itemtype=\"https:\/\/schema.org\/Person\" ><div class=\"team-img-container\"><img decoding=\"async\" class='wp-image-37 avia-img-lazy-loading-not-37 avia_image avia_image_team' src=\"https:\/\/stolen.berthilson.se\/wp-content\/uploads\/2022\/03\/boel.jpeg\" alt='Boel Ahlberg'  itemprop=\"image\"   height=\"342\" width=\"309\" srcset=\"https:\/\/stolen.berthilson.se\/wp-content\/uploads\/2022\/03\/boel.jpeg 309w, https:\/\/stolen.berthilson.se\/wp-content\/uploads\/2022\/03\/boel-271x300.jpeg 271w\" sizes=\"(max-width: 309px) 100vw, 309px\" \/><\/div><h3 class='team-member-name '  itemprop=\"name\" >Boel Ahlberg<\/h3><div class='team-member-description '  itemprop=\"description\" ><p>F\u00f6retaget startades 2006 av Boel Ahlberg, som har en grundutbildnings om fil.kand. p\u00e5byggd med akademiska betyg i konstvetenskap, dessutom studier i m\u00f6belhistoria i Stockholms auktionsverks regi. Ett grundl\u00e4ggande intresse f\u00f6r m\u00f6bler gavs under uppv\u00e4xt\u00e5ren i familjens m\u00f6belaff\u00e4r.<\/p>\n<p>Email: boel.ahlberg@stolen.nu Tel.070-5570447<\/p>\n<\/div><span class='hidden team-member-affiliation'  itemprop=\"affiliation\" >Stolen.nu<\/span><\/section><\/div>\n","protected":false},"excerpt":{"rendered":"","protected":false},"author":1,"featured_media":0,"parent":0,"menu_order":0,"comment_status":"closed","ping_status":"closed","template":"","meta":{"footnotes":""},"class_list":["post-34","page","type-page","status-publish","hentry"],"_links":{"self":[{"href":"https:\/\/stolen.berthilson.se\/index.php\/wp-json\/wp\/v2\/pages\/34","targetHints":{"allow":["GET"]}}],"collection":[{"href":"https:\/\/stolen.berthilson.se\/index.php\/wp-json\/wp\/v2\/pages"}],"about":[{"href":"https:\/\/stolen.berthilson.se\/index.php\/wp-json\/wp\/v2\/types\/page"}],"author":[{"embeddable":true,"href":"https:\/\/stolen.berthilson.se\/index.php\/wp-json\/wp\/v2\/users\/1"}],"replies":[{"embeddable":true,"href":"https:\/\/stolen.berthilson.se\/index.php\/wp-json\/wp\/v2\/comments?post=34"}],"version-history":[{"count":6,"href":"https:\/\/stolen.berthilson.se\/index.php\/wp-json\/wp\/v2\/pages\/34\/revisions"}],"predecessor-version":[{"id":76,"href":"https:\/\/stolen.berthilson.se\/index.php\/wp-json\/wp\/v2\/pages\/34\/revisions\/76"}],"wp:attachment":[{"href":"https:\/\/stolen.berthilson.se\/index.php\/wp-json\/wp\/v2\/media?parent=34"}],"curies":[{"name":"wp","href":"https:\/\/api.w.org\/{rel}","templated":true}]}}